{"id":298,"date":"2020-12-08T00:29:58","date_gmt":"2020-12-07T22:29:58","guid":{"rendered":"https:\/\/futokran.hu\/tender\/"},"modified":"2020-12-08T00:29:58","modified_gmt":"2020-12-07T22:29:58","slug":"tender","status":"publish","type":"page","link":"https:\/\/futokran.hu\/en\/tender\/","title":{"rendered":"Tender"},"content":{"rendered":"<p><strong>Name of the beneficiary: FUT\u00d3 DARU Kereskedelmi \u00e9s Szolg\u00e1ltat\u00f3 Korl\u00e1tolt Felel\u0151ss\u00e9g\u0171 T\u00e1rsas\u00e1gn\u00e1l<\/strong><br \/><strong>The title of the project<\/strong>: Fut\u00f3 Daru Kft. technology development<br \/><strong>The amount of the contracted support<\/strong>: 24 922 339 Ft<br \/><strong>Total cost<\/strong>: 35 603 342 Ft<br \/><strong>Support fund<\/strong>: Eur\u00f3pai Region\u00e1lis Fejleszt\u00e9si Alap<\/p>\n<\/p>\n<p><strong>Presentation of the project content<\/strong>:<br \/>As part of the project, a Unic Urw 376 rubber belt crane was purchased, which is a special machine, as we can work in narrow halls or even downtown due to its small size. There are very few such machines in the country. The purchased machine is suitable for tasks where machine movements, installations and repair tasks require lifting machines, so the purchased mini crane is suitable for the performance of these tasks. Our goal is to achieve cooperation with several large companies. The investment promotes the appearance of a new market. This expansion contributes to keeping our result at the same level.<\/p>\n<\/p>\n<p><strong>Start of project implementation<\/strong>: 08.01.2020.<br \/><strong>Deadline for physical completion of the project<\/strong>: 27.08.2020.<br \/><strong>Project identification number<\/strong>: GINOP-1.2.8-20-2020-00180<\/p>\n","protected":false},"excerpt":{"rendered":"<p>Name of the beneficiary: FUT\u00d3 DARU Kereskedelmi \u00e9s Szolg\u00e1ltat\u00f3 Korl\u00e1tolt Felel\u0151ss\u00e9g\u0171 T\u00e1rsas\u00e1gn\u00e1lThe title of the project: Fut\u00f3 Daru Kft. technology developmentThe amount of the contracted support: 24 922 339 FtTotal cost: 35 603 342 FtSupport fund: Eur\u00f3pai Region\u00e1lis Fejleszt\u00e9si Alap Presentation of the project content:As part of the project, a Unic Urw 376 rubber belt<\/p>\n","protected":false},"author":1,"featured_media":0,"parent":0,"menu_order":0,"comment_status":"closed","ping_status":"closed","template":"","meta":{"footnotes":""},"_links":{"self":[{"href":"https:\/\/futokran.hu\/en\/wp-json\/wp\/v2\/pages\/298"}],"collection":[{"href":"https:\/\/futokran.hu\/en\/wp-json\/wp\/v2\/pages"}],"about":[{"href":"https:\/\/futokran.hu\/en\/wp-json\/wp\/v2\/types\/page"}],"author":[{"embeddable":true,"href":"https:\/\/futokran.hu\/en\/wp-json\/wp\/v2\/users\/1"}],"replies":[{"embeddable":true,"href":"https:\/\/futokran.hu\/en\/wp-json\/wp\/v2\/comments?post=298"}],"version-history":[{"count":0,"href":"https:\/\/futokran.hu\/en\/wp-json\/wp\/v2\/pages\/298\/revisions"}],"wp:attachment":[{"href":"https:\/\/futokran.hu\/en\/wp-json\/wp\/v2\/media?parent=298"}],"curies":[{"name":"wp","href":"https:\/\/api.w.org\/{rel}","templated":true}]}}